{"id":26329,"date":"2021-10-25T10:48:01","date_gmt":"2021-10-25T10:48:01","guid":{"rendered":"https:\/\/terracotadoalgarve.com\/de\/?page_id=26329"},"modified":"2022-06-13T12:10:32","modified_gmt":"2022-06-13T12:10:32","slug":"sorgfalt-beim-verlegen-und-der-pflege-der-terrakotta","status":"publish","type":"page","link":"https:\/\/terracotadoalgarve.com\/de\/sorgfalt-beim-verlegen-und-der-pflege-der-terrakotta\/","title":{"rendered":"Sorgfalt beim Verlegen und der Pflege der Terrakotta"},"content":{"rendered":"<div class=\"wpb-content-wrapper\"><p>[vc_row][vc_column width=&#8220;1\/4&#8243;][vc_single_image image=&#8220;26330&#8243; img_size=&#8220;full&#8220;][\/vc_column][vc_column width=&#8220;3\/4&#8243;][vc_column_text]Wenn Sie beabsichtigen, handgefertigte Terrakotta in Ihrem neuen Haus, bei Renovierungen oder Anbauten zu verwenden, so befolgen Sie bitte einige n\u00fctzliche Ratschl\u00e4ge.<\/p>\n<p>Die Ausfertigung der Bodenplatte erfolgt technisch so wie f\u00fcr andere keramische Bodenbel\u00e4ge, jedoch ist zu beachten, da\u00df in der Regel z.B. die Fliese \u201cSanta Catarina\u201d eine erh\u00f6hte Dicke (ca. 2 cm) aufweist. Es ist allerdings wichtig, die nach der Ausfertigung der Bodenplatte notwendige Zeit zur Durchtrocknung abzuwarten. Vor der eigentlichen Verlegung der Fliesen, ist noch ein Versiegelungsanstrich gegen aufsteigende Feuchte ratsam.<\/p>\n<p>Unsere Fliesen werden mit Zementkleber verlegt, wobei, je nach Geschmack des Kunden, eine Fugenbreite von 1 \u2013 2 cm gew\u00e4hlt wird, welche im Anschlu\u00df mit fertiger Fugenmasse oder einem Zement- \/ Sand-M\u00f6rtel verf\u00fcllt werden kann. Entscheiden Sie sich f\u00fcr eine individuelle M\u00f6rtelmischung, so achten Sie bitte darauf, auch f\u00fcr zuk\u00fcnftige Ver\u00e4nderungen bzw. Erweiterungen das selbe Mischungsverh\u00e4ltnis von Zement und Sand zu verwenden, um zu gew\u00e4rleisten, da\u00df weitere Fugen die selbe Farbe erhalten.<\/p>\n<p>Der Fliesenleger mu\u00df bei der Arbeit darauf achten, die Fliesen nicht unn\u00f6tig mit Zement zu verschmutzen, damit eine sch\u00f6ne Oberfl\u00e4che erhalten bleibt. Im Falle einer Verschmutzung, ist der Zementschleier sofort zu entfernen, da er sich, einmal getrocknet, letzlich nur noch sehr schwer von der por\u00f6sen Oberfl\u00e4che der Bodenfliese beseitigen l\u00e4\u00dft.<\/p>\n<p>Nach der Verlegung der Fliesen und dem Verfugen, h\u00e4ngt die finale Gestaltung der Oberfl\u00e4che wiederum sowohl vom Geschmack des Kunden als auch den \u00f6rtlichen Gegebenheiten des Hauses oder des Anbaus ab, in dem sich die Fliesen befinden. Nach einer gr\u00fcndlichen Reinigung, bei der darauf geachtet werden sollte keine hochkonzentriert chemischen Reiniger zu verwenden, kann der Fliesenboden sein nat\u00fcrliches Aussehen behalten, ohne eine weitere Behandlung.<\/p>\n<p>Handgefertigte Terrakotta ohne Oberfl\u00e4chenbehandlung, \u00fcbersteht, bei normaler Benutzung, unterschiedliche klimatische Bedingungen mit ihrem kunsthandwerklichem Antlitz.<\/p>\n<p>Weil jedoch dieser Fliesentyp, wie auch Naturstein und andere nicht glasierte Materialien, eine por\u00f6se Oberfl\u00e4che hat, kann es geschehen, da\u00df, versehentlich versch\u00fcttete Fl\u00fcssigkeiten au\u00dfer Wasser, wie z.B. \u00d6le oder Fette, von der Fliese absorbiert werden. Befindet sich Ihr Fliesenboden an einem Ort, an welchem das Risiko der Verunreinigung mit Materialien besteht, welche Flecken verursachen, empfiehlt es sich eine Versiegelung der Poren aufzutragen, um dieses Problem zu vermeiden. Diese Versiegelung ist mit einem gro\u00dfen Pinsel oder einer Rolle gleichm\u00e4\u00df\u00edg und fl\u00e4chendeckend aufzutragen. Beachten Sie jedoch das Produkt nicht \u00fcberm\u00e4\u00dfig s\u00e4ttigend aufzutragen, da es sonst in der Schichttiefe der Fliese schaden k\u00f6nnte. Au\u00dferdem ist darauf zu achten, da\u00df der Zeitpunkt f\u00fcr den Auftrag der Versiegelung oder \u00e4hnlicher Produkte auf der Oberfl\u00e4che der Fliese, fr\u00fchestens 4 \u2013 5 Wochen nach der Verlegung erfolgen darf.<\/p>\n<p>Falls ein erh\u00f6hter Kontrast gew\u00fcnscht ist, k\u00f6nnen im Innenbereich ebenfalls Wachse oder Acryllacke als Versiegelung eingesetzt werden, welche die Fliese \u201clebendiger\u201d bzw. gl\u00e4nzender erscheinen lassen. Ein Auftrag mit Lack, vereinfacht die t\u00e4gliche Reinigung des Bodens sehr.<\/p>\n<p>Da wir sehr gro\u00dfes Interesse daran haben, da\u00df unsere Produkte mit Sorgfalt verlegt und nachfolgend behandelt werden und auch weil wir unseren Kunden Hilfestellung geben wollen, hier nun nachfolgend zusammengefa\u00dft einige Hinweise zur sorgf\u00e4ltigen Verlegung und Pflege unserer handgefertigten Terrakotta.<\/p>\n<p>1.) Die Verlegung der Bodenfliese darf erst ab 1 Monat nach Fertigung der Bodenplatte erfolgen, welche angemessen isoliert sein sollte. Der Fliesenleger sollte mit maximaler Vorsicht arbeiten, um die Fliesen nicht mit Zement, Kleber oder anderen, schwer zu entfernenden Substanzen, zu verschmutzen.<\/p>\n<p>2.) Die Anwendung weiterer Produkte (z.B. Versiegelung) darf fr\u00fchestens 1 Monat nach Verlegung der Fliesen erfolgen. Der gesamte Fu\u00dfboden sollte durchgetrocknet und sauber sein.<\/p>\n<p>3.) Alle Produkte zur weiteren Behandlung des Fliesenbodens, d\u00fcrfen erst bei einer Umgebungstemperatur von &lt;+5\u00b0 C sowie einer trockenen Luftfeuchte angewendet werden. Ebenso d\u00fcrfen die Produkte nicht auf einen \u00fcberm\u00e4\u00dfig warmen Boden (z.B. in direkter Mittagssonne) aufgebracht werden.<\/p>\n<p>4.) Lagern Sie keines der Produkte bei Temperaturen &gt;0\u00b0 C und verwenden Sie keine Produkte deren Haltbarkeitsdatum laut Herstellerangabe (in der Regel 1 \u2013 2 Jahre) \u00fcberschritten ist.<\/p>\n<p>5.) Vor dem Gebrauch sind alle Produkte gut zu sch\u00fctteln bzw. durchzur\u00fchren.<\/p>\n<p>6.) Vor dem Auftrag eines Versiegelungproduktes, ist es unbedingt erforderlich, da\u00df die Oberfl\u00e4che des Fliesenbodens durchgetrocknet (24 \u2013 36 Std. bei &lt;20\u00b0 C) und sauber ist. Insbesondere ist darauf zu achten, da\u00df keine Verunreinigungen mit Fetten oder \u00d6len vorhanden sind, da an diesen Stellen die Versiegelung nicht in die Poren der Fliesen eindringen kann, sich lediglich eine d\u00fcnne oberfl\u00e4chliche Versiegelungsschicht bildet, welche eine stark verk\u00fcrzte Resistenz und folglich Haltbarkeit aufweist.<\/p>\n<p>7.) Im Au\u00dfenbereich kann sich ein Auftrag von Chemikalien, wie z.B. D\u00fcnger oder Pflanzenschutzmittel, in angrenzenden G\u00e4rten, ebenfalls negativ auf die Oberfl\u00e4che des Fliesenbodens auswirken.<\/p>\n<p>Diese generellen Informationen \u00fcber Produkte zur Behandlung unserer handgefertigten Terrakotta-Fliesen, sind in Absprache mit den Herstellern bzw. Repr\u00e4sentanten zusammengestellt worden und geben nicht die Spezifikationen einzelner Produkte wieder.<\/p>\n<p>Nachfolgend eine Auflistung von Produkten, welche wir empfehlen:<\/p>\n<ul>\n<li>SIRIL DESINCRUSTANTE : F\u00fcr die Reinigung der Fliesen nach der Verlegung. Bevorzugt mit Wasser im Verh\u00e4ltnis 1:2 (Siril:Wasser) zu verd\u00fcnnen. Hartn\u00e4ckige Verschmutzungen k\u00f6nnen auch mit SIRIL unverd\u00fcnnt f\u00fcr einige Minuten eingeweicht werden und dann mit ausreichend Wasser abgesp\u00fclt werden.<\/li>\n<li>IMPERMIL \/ ISOLANTE TRANSPARENTE: F\u00fcr die Versiegelung Ihres Fu\u00dfbodens. Verhindert das Eindringen von Feuchtigkeit, Schmutz und Fett in die Fliesen und somit die Entstehung von Flecken, welche schwer zu entfernen w\u00e4ren. Das fl\u00fcssige Produkt dringt in die por\u00f6se Oberfl\u00e4che der Fliesen ein, trocknet bis in die Tiefe und stellt somit eine nachhaltige Versiegelung sicher. Impermil verleiht dem Boden eine einheitliche Tonalit\u00e4t und unterstreicht dabei seine Sch\u00f6nheit. Durch seine Transparenz, ver\u00e4ndert das Produkt die Farbe der Fliesen nicht wesentlich.<\/li>\n<li>ZORPIT \u2013 BAR: Acryl-Lack. Bevorzugt zu verwenden nach einmaligem Auftrag einer Versiegelung. Der Acryl-Lack sorgt f\u00fcr eine glattere Oberfl\u00e4che Ihres Fliesenbodens und vereinfacht die t\u00e4gliche Reinigung deutlich. ZORPIT ist sehr widerstandsf\u00e4hig und deshalb eine exzellente Anwendung f\u00fcr langanhaltenden Schutz.<\/li>\n<\/ul>\n<p>[\/vc_column_text][\/vc_column][\/vc_row]<\/p>\n<\/div>","protected":false},"excerpt":{"rendered":"<p>[vc_row][vc_column width=&#8220;1\/4&#8243;][vc_single_image image=&#8220;26330&#8243; img_size=&#8220;full&#8220;][\/vc_column][vc_column width=&#8220;3\/4&#8243;][vc_column_text]Wenn Sie beabsichtigen, handgefertigte Terrakotta in Ihrem neuen Haus, bei Renovierungen oder Anbauten zu verwenden, so befolgen Sie bitte einige n\u00fctzliche Ratschl\u00e4ge.<span class=\"excerpt-hellip\"> [\u2026]<\/span><\/p>\n","protected":false},"author":1,"featured_media":0,"parent":0,"menu_order":0,"comment_status":"closed","ping_status":"closed","template":"","meta":{"footnotes":""},"class_list":["post-26329","page","type-page","status-publish","hentry"],"yoast_head":"<!-- This site is optimized with the Yoast SEO plugin v26.9 - https:\/\/yoast.com\/product\/yoast-seo-wordpress\/ -->\n<title>Sorgfalt beim Verlegen und der Pflege der Terrakotta - Terracota do Algarve<\/title>\n<meta name=\"robots\" content=\"index, follow, max-snippet:-1, max-image-preview:large, max-video-preview:-1\" \/>\n<link rel=\"canonical\" href=\"https:\/\/terracotadoalgarve.com\/de\/sorgfalt-beim-verlegen-und-der-pflege-der-terrakotta\/\" \/>\n<meta property=\"og:locale\" content=\"de_DE\" \/>\n<meta property=\"og:type\" content=\"article\" \/>\n<meta property=\"og:title\" content=\"Sorgfalt beim Verlegen und der Pflege der Terrakotta - Terracota do Algarve\" \/>\n<meta property=\"og:description\" content=\"[vc_row][vc_column width=&#8220;1\/4&#8243;][vc_single_image image=&#8220;26330&#8243; img_size=&#8220;full&#8220;][\/vc_column][vc_column width=&#8220;3\/4&#8243;][vc_column_text]Wenn Sie beabsichtigen, handgefertigte Terrakotta in Ihrem neuen Haus, bei Renovierungen oder Anbauten zu verwenden, so befolgen Sie bitte einige n\u00fctzliche Ratschl\u00e4ge. [\u2026]\" \/>\n<meta property=\"og:url\" content=\"https:\/\/terracotadoalgarve.com\/de\/sorgfalt-beim-verlegen-und-der-pflege-der-terrakotta\/\" \/>\n<meta property=\"og:site_name\" content=\"Terracota do Algarve\" \/>\n<meta property=\"article:modified_time\" content=\"2022-06-13T12:10:32+00:00\" \/>\n<meta name=\"twitter:card\" content=\"summary_large_image\" \/>\n<meta name=\"twitter:label1\" content=\"Gesch\u00e4tzte Lesezeit\" \/>\n\t<meta name=\"twitter:data1\" content=\"5\u00a0Minuten\" \/>\n<script type=\"application\/ld+json\" class=\"yoast-schema-graph\">{\"@context\":\"https:\/\/schema.org\",\"@graph\":[{\"@type\":\"WebPage\",\"@id\":\"https:\/\/terracotadoalgarve.com\/de\/sorgfalt-beim-verlegen-und-der-pflege-der-terrakotta\/\",\"url\":\"https:\/\/terracotadoalgarve.com\/de\/sorgfalt-beim-verlegen-und-der-pflege-der-terrakotta\/\",\"name\":\"Sorgfalt beim Verlegen und der Pflege der Terrakotta - Terracota do Algarve\",\"isPartOf\":{\"@id\":\"https:\/\/terracotadoalgarve.com\/de\/#website\"},\"datePublished\":\"2021-10-25T10:48:01+00:00\",\"dateModified\":\"2022-06-13T12:10:32+00:00\",\"breadcrumb\":{\"@id\":\"https:\/\/terracotadoalgarve.com\/de\/sorgfalt-beim-verlegen-und-der-pflege-der-terrakotta\/#breadcrumb\"},\"inLanguage\":\"de\",\"potentialAction\":[{\"@type\":\"ReadAction\",\"target\":[\"https:\/\/terracotadoalgarve.com\/de\/sorgfalt-beim-verlegen-und-der-pflege-der-terrakotta\/\"]}]},{\"@type\":\"BreadcrumbList\",\"@id\":\"https:\/\/terracotadoalgarve.com\/de\/sorgfalt-beim-verlegen-und-der-pflege-der-terrakotta\/#breadcrumb\",\"itemListElement\":[{\"@type\":\"ListItem\",\"position\":1,\"name\":\"Home\",\"item\":\"https:\/\/terracotadoalgarve.com\/de\/\"},{\"@type\":\"ListItem\",\"position\":2,\"name\":\"Sorgfalt beim Verlegen und der Pflege der Terrakotta\"}]},{\"@type\":\"WebSite\",\"@id\":\"https:\/\/terracotadoalgarve.com\/de\/#website\",\"url\":\"https:\/\/terracotadoalgarve.com\/de\/\",\"name\":\"Terracota do Algarve\",\"description\":\"Terracota tiles, Hydraulic cement tiles, Glazed tiles\",\"potentialAction\":[{\"@type\":\"SearchAction\",\"target\":{\"@type\":\"EntryPoint\",\"urlTemplate\":\"https:\/\/terracotadoalgarve.com\/de\/?s={search_term_string}\"},\"query-input\":{\"@type\":\"PropertyValueSpecification\",\"valueRequired\":true,\"valueName\":\"search_term_string\"}}],\"inLanguage\":\"de\"}]}<\/script>\n<!-- \/ Yoast SEO plugin. -->","yoast_head_json":{"title":"Sorgfalt beim Verlegen und der Pflege der Terrakotta - Terracota do Algarve","robots":{"index":"index","follow":"follow","max-snippet":"max-snippet:-1","max-image-preview":"max-image-preview:large","max-video-preview":"max-video-preview:-1"},"canonical":"https:\/\/terracotadoalgarve.com\/de\/sorgfalt-beim-verlegen-und-der-pflege-der-terrakotta\/","og_locale":"de_DE","og_type":"article","og_title":"Sorgfalt beim Verlegen und der Pflege der Terrakotta - Terracota do Algarve","og_description":"[vc_row][vc_column width=&#8220;1\/4&#8243;][vc_single_image image=&#8220;26330&#8243; img_size=&#8220;full&#8220;][\/vc_column][vc_column width=&#8220;3\/4&#8243;][vc_column_text]Wenn Sie beabsichtigen, handgefertigte Terrakotta in Ihrem neuen Haus, bei Renovierungen oder Anbauten zu verwenden, so befolgen Sie bitte einige n\u00fctzliche Ratschl\u00e4ge. [\u2026]","og_url":"https:\/\/terracotadoalgarve.com\/de\/sorgfalt-beim-verlegen-und-der-pflege-der-terrakotta\/","og_site_name":"Terracota do Algarve","article_modified_time":"2022-06-13T12:10:32+00:00","twitter_card":"summary_large_image","twitter_misc":{"Gesch\u00e4tzte Lesezeit":"5\u00a0Minuten"},"schema":{"@context":"https:\/\/schema.org","@graph":[{"@type":"WebPage","@id":"https:\/\/terracotadoalgarve.com\/de\/sorgfalt-beim-verlegen-und-der-pflege-der-terrakotta\/","url":"https:\/\/terracotadoalgarve.com\/de\/sorgfalt-beim-verlegen-und-der-pflege-der-terrakotta\/","name":"Sorgfalt beim Verlegen und der Pflege der Terrakotta - Terracota do Algarve","isPartOf":{"@id":"https:\/\/terracotadoalgarve.com\/de\/#website"},"datePublished":"2021-10-25T10:48:01+00:00","dateModified":"2022-06-13T12:10:32+00:00","breadcrumb":{"@id":"https:\/\/terracotadoalgarve.com\/de\/sorgfalt-beim-verlegen-und-der-pflege-der-terrakotta\/#breadcrumb"},"inLanguage":"de","potentialAction":[{"@type":"ReadAction","target":["https:\/\/terracotadoalgarve.com\/de\/sorgfalt-beim-verlegen-und-der-pflege-der-terrakotta\/"]}]},{"@type":"BreadcrumbList","@id":"https:\/\/terracotadoalgarve.com\/de\/sorgfalt-beim-verlegen-und-der-pflege-der-terrakotta\/#breadcrumb","itemListElement":[{"@type":"ListItem","position":1,"name":"Home","item":"https:\/\/terracotadoalgarve.com\/de\/"},{"@type":"ListItem","position":2,"name":"Sorgfalt beim Verlegen und der Pflege der Terrakotta"}]},{"@type":"WebSite","@id":"https:\/\/terracotadoalgarve.com\/de\/#website","url":"https:\/\/terracotadoalgarve.com\/de\/","name":"Terracota do Algarve","description":"Terracota tiles, Hydraulic cement tiles, Glazed tiles","potentialAction":[{"@type":"SearchAction","target":{"@type":"EntryPoint","urlTemplate":"https:\/\/terracotadoalgarve.com\/de\/?s={search_term_string}"},"query-input":{"@type":"PropertyValueSpecification","valueRequired":true,"valueName":"search_term_string"}}],"inLanguage":"de"}]}},"_links":{"self":[{"href":"https:\/\/terracotadoalgarve.com\/de\/wp-json\/wp\/v2\/pages\/26329","targetHints":{"allow":["GET"]}}],"collection":[{"href":"https:\/\/terracotadoalgarve.com\/de\/wp-json\/wp\/v2\/pages"}],"about":[{"href":"https:\/\/terracotadoalgarve.com\/de\/wp-json\/wp\/v2\/types\/page"}],"author":[{"embeddable":true,"href":"https:\/\/terracotadoalgarve.com\/de\/wp-json\/wp\/v2\/users\/1"}],"replies":[{"embeddable":true,"href":"https:\/\/terracotadoalgarve.com\/de\/wp-json\/wp\/v2\/comments?post=26329"}],"version-history":[{"count":0,"href":"https:\/\/terracotadoalgarve.com\/de\/wp-json\/wp\/v2\/pages\/26329\/revisions"}],"wp:attachment":[{"href":"https:\/\/terracotadoalgarve.com\/de\/wp-json\/wp\/v2\/media?parent=26329"}],"curies":[{"name":"wp","href":"https:\/\/api.w.org\/{rel}","templated":true}]}}