{"id":26299,"date":"2021-10-25T10:38:32","date_gmt":"2021-10-25T10:38:32","guid":{"rendered":"https:\/\/terracotadoalgarve.com\/de\/?page_id=26299"},"modified":"2022-05-09T18:47:32","modified_gmt":"2022-05-09T18:47:32","slug":"herstellungsprozess","status":"publish","type":"page","link":"https:\/\/terracotadoalgarve.com\/de\/herstellungsprozess\/","title":{"rendered":"Herstellungsprozess"},"content":{"rendered":"<div class=\"wpb-content-wrapper\"><p>[vc_row][vc_column width=&#8220;1\/3&#8243;][vc_video link=&#8220;https:\/\/www.youtube.com\/watch?v=yzL2zGJva5o&#8220;][\/vc_column][vc_column width=&#8220;2\/3&#8243;][vc_column_text]Um die originalen Charakteristika des Produktes zu bewahren, wird die Terrakotta, in unserem besonderen Fall, kunsthandwerklich hergestellt. Die einzelnen Phasen der Herstellung, werden wir nachfolgend detailliert erl\u00e4utern.<\/p>\n<h3>Die Gewinnung des Lehmes<\/h3>\n<p>Es werden zwei Sorten von Lehm verwendet, rot und weiss, welche, in einem bestimmten Mischungsverh\u00e4ltnis, den Ursprung f\u00fcr den Rohstoff der Fliesen und anderer Produkte bilden.<\/p>\n<p>Bei der Gewinnung der Rohstoffe bedarf es besonderer Sorgfalt sauber zu arbeiten, insofern, als da\u00df das Material nicht durch Steine oder jedwede andere Verunreinigungen durchsetzt ist, welche die Qualit\u00e4t des Lehmes negativ beeintr\u00e4chtigen k\u00f6nnten. Die beiden Lehmsorten werden mit LKW an unserer Keramikfabrik angeliefert, gesondert voneinander gelagert und lediglich zu Produktionsbeginn miteinander vermischt. Dieses geschieht derart, da wir, abh\u00e4ngig vom herzustellenden Produkt und z.B. unterschiedlicher Tonalit\u00e4ten, nicht immer das gleiche Mischungsverh\u00e4ltnis der Ausgangsmaterialien verwenden.<\/p>\n<h3>Die Zubereitung der Lehmmasse<\/h3>\n<p>Die Lehme werden zuerst im gew\u00fcnschten Verh\u00e4ltnis gemischt, anschlie\u00dfend gemahlen und zu einer Masse vermengt, welche eine plastische Konsistenz hat.<\/p>\n<p>Zur Verbesserung ihrer Qualit\u00e4t reift diese Masse f\u00fcr einige Zeit und wird im Anschlu\u00df in die Formen der unterschiedlichen Formate und Gr\u00f6\u00dfen eingebracht. Bis vor nicht allzu langer Zeit, wurde der Prozess der Gewinnung des Materials und die Herstellung der ersten Mischung der Lehme von Hand durchgef\u00fchrt.Nicht zuletzt um die Endpreise konkurrenzf\u00e4hig zu halten, wird diese erste Phase der Produktion mittlerweile von Maschinen \u00fcbernommen.<\/p>\n<h3>Das Formen der Terrakotta<\/h3>\n<p>Ab hier unterscheidet sich unser Herstellungsprozess insofern, als dass die Fliesen, Ziegel und andere dekorative Produkte alle per Hand geformt werden, ein Teil nach dem anderen, was jedem St\u00fcck ein einzigartiges Aussehen verleiht. An dieser Stelle der Fabrikation, haben wir, was das Ausschalen der Terrakotta aus seiner Form betrifft, zwei unterschiedliche Techniken: Die Entnahme des Produktes aus seiner Form mithilfe von Sand oder Wasser.<\/p>\n<p>Die Mehrzahl der von uns hergestellten Produkte, verbleibt mit einer nat\u00fcrlichen Oberfl\u00e4che, welche sich durch die farbliche Charakteristik des verwendeten Lehmes bedingt.<\/p>\n<p>Die unter ihrem Namen bekannte Fliese \u201cSANTA CATARINA\u201d , erh\u00e4lt jedoch eine farblich abgesetzte Oberfl\u00e4che durch den manuellen Auftrag (Finger)\u00a0 von L\u00e4ngsstreifen mit nahezu fl\u00fcssiger wei\u00dfer Lehmpaste. Das Formen dieser Fliese wird manuell von 2 Personen durchgef\u00fchrt: Jemand, der den Lehm in die Form einbringt und einer weiteren Person, welche die Terrakotte ausformt, die Oberfl\u00e4che mit dem hellen Lehmauftrag versieht und anschlie\u00dfend die Fliese zur Trocknung ausschalt.<\/p>\n<h3>Die Trocknung<\/h3>\n<p>Bevor die Fliesen im Ofen gebrannt werden, m\u00fcssen diese vollst\u00e4ndig durchtrocknen. Da dies an der Umgebungsluft geschieht, kann dieser Proze\u00df zwischen 1 Woche im Sommer und mehr als 1 Monat im Winter in Anspruch nehmen. Bei gro\u00dfen Temperaturunterschieden in dieser Phase, k\u00f6nnen einige Fliesen, insbesondere gr\u00f6\u00dfere Formate von 30 x 30cm oder 40 x 40cm, Risse aufweisen bzw. sich verziehen.<\/p>\n<h3>Der Brennvorgang<\/h3>\n<p>Nachdem die Terrakotta getrocknet ist, werden die Produkte im Brennofen in Schichten gestapelt. Im unteren Teil des Ofens befinden sich gro\u00dfformatige Ziegel (\u201cTijolo burro\u201d), dar\u00fcber Bodenfliesen in verschiedenen Formen und Gr\u00f6\u00dfen sowie letzlich zuoberst kleinformatigere Fliesen. Nach einer \u201cAnheizphase\u201d des Ofens, werden die Produkte f\u00fcr weitere 30 Stunden langsam gebrannt und erhalten so ihre nat\u00fcrliche Tonalit\u00e4t. Der Brennofen wird befeuert mit Holz, S\u00e4gesp\u00e4hnen sowie Oliventrester.<\/p>\n<h3>Kommerzialisierung<\/h3>\n<p>Nach Beendigung des eigentlichen Brennvorganges, ist es n\u00f6tig weitere 4-5 Tage zu warten, bis der Ofen abgek\u00fchlt ist. Erst dann wird in Handarbeit damit begonnen, die fertigen Terrakotta-Produkte aus dem Ofen auszur\u00e4umen, zu sortieren, auszuw\u00e4hlen und schlie\u00dflich auf Paletten zu verpacken.<\/p>\n<p>Nun sind unsere Produkte f\u00fcr die Auslieferung an die Kunden bereit!<\/p>\n<p>Nur durch die Kombination eines exzellenten Rohstoffes mit einem kunsthandwerklichen Prozess der Herstellung,\u00a0erzielen wir so einen Fussboden in weichen, hell-roten Farbt\u00f6nen,\u00a0welcher in Ihrem Zuhause ein nat\u00fcrliches und gastliches Ambiente erschafft.[\/vc_column_text][vc_gallery type=&#8220;flexslider_slide&#8220; interval=&#8220;3&#8243; images=&#8220;26301,26302,26303,26304,26305,26306,26307,26308,26309,26310,26311,26312,26313,26314,26315,26316,26317,26318,26319,26320&#8243;][\/vc_column][\/vc_row]<\/p>\n<\/div>","protected":false},"excerpt":{"rendered":"<p>[vc_row][vc_column width=&#8220;1\/3&#8243;][vc_video link=&#8220;https:\/\/www.youtube.com\/watch?v=yzL2zGJva5o&#8220;][\/vc_column][vc_column width=&#8220;2\/3&#8243;][vc_column_text]Um die originalen Charakteristika des Produktes zu bewahren, wird die Terrakotta, in unserem besonderen Fall, kunsthandwerklich hergestellt. Die einzelnen Phasen der Herstellung, werden<span class=\"excerpt-hellip\"> [\u2026]<\/span><\/p>\n","protected":false},"author":1,"featured_media":0,"parent":0,"menu_order":0,"comment_status":"closed","ping_status":"closed","template":"","meta":{"footnotes":""},"class_list":["post-26299","page","type-page","status-publish","hentry"],"yoast_head":"<!-- This site is optimized with the Yoast SEO plugin v26.9 - https:\/\/yoast.com\/product\/yoast-seo-wordpress\/ -->\n<title>Herstellungsprozess - Terracota do Algarve<\/title>\n<meta name=\"robots\" content=\"index, follow, max-snippet:-1, max-image-preview:large, max-video-preview:-1\" \/>\n<link rel=\"canonical\" href=\"https:\/\/terracotadoalgarve.com\/de\/herstellungsprozess\/\" \/>\n<meta property=\"og:locale\" content=\"de_DE\" \/>\n<meta property=\"og:type\" content=\"article\" \/>\n<meta property=\"og:title\" content=\"Herstellungsprozess - Terracota do Algarve\" \/>\n<meta property=\"og:description\" content=\"[vc_row][vc_column width=&#8220;1\/3&#8243;][vc_video link=&#8220;https:\/\/www.youtube.com\/watch?v=yzL2zGJva5o&#8220;][\/vc_column][vc_column width=&#8220;2\/3&#8243;][vc_column_text]Um die originalen Charakteristika des Produktes zu bewahren, wird die Terrakotta, in unserem besonderen Fall, kunsthandwerklich hergestellt. Die einzelnen Phasen der Herstellung, werden [\u2026]\" \/>\n<meta property=\"og:url\" content=\"https:\/\/terracotadoalgarve.com\/de\/herstellungsprozess\/\" \/>\n<meta property=\"og:site_name\" content=\"Terracota do Algarve\" \/>\n<meta property=\"article:modified_time\" content=\"2022-05-09T18:47:32+00:00\" \/>\n<meta name=\"twitter:card\" content=\"summary_large_image\" \/>\n<meta name=\"twitter:label1\" content=\"Gesch\u00e4tzte Lesezeit\" \/>\n\t<meta name=\"twitter:data1\" content=\"3\u00a0Minuten\" \/>\n<script type=\"application\/ld+json\" class=\"yoast-schema-graph\">{\"@context\":\"https:\/\/schema.org\",\"@graph\":[{\"@type\":\"WebPage\",\"@id\":\"https:\/\/terracotadoalgarve.com\/de\/herstellungsprozess\/\",\"url\":\"https:\/\/terracotadoalgarve.com\/de\/herstellungsprozess\/\",\"name\":\"Herstellungsprozess - Terracota do Algarve\",\"isPartOf\":{\"@id\":\"https:\/\/terracotadoalgarve.com\/de\/#website\"},\"datePublished\":\"2021-10-25T10:38:32+00:00\",\"dateModified\":\"2022-05-09T18:47:32+00:00\",\"breadcrumb\":{\"@id\":\"https:\/\/terracotadoalgarve.com\/de\/herstellungsprozess\/#breadcrumb\"},\"inLanguage\":\"de\",\"potentialAction\":[{\"@type\":\"ReadAction\",\"target\":[\"https:\/\/terracotadoalgarve.com\/de\/herstellungsprozess\/\"]}]},{\"@type\":\"BreadcrumbList\",\"@id\":\"https:\/\/terracotadoalgarve.com\/de\/herstellungsprozess\/#breadcrumb\",\"itemListElement\":[{\"@type\":\"ListItem\",\"position\":1,\"name\":\"Home\",\"item\":\"https:\/\/terracotadoalgarve.com\/de\/\"},{\"@type\":\"ListItem\",\"position\":2,\"name\":\"Herstellungsprozess\"}]},{\"@type\":\"WebSite\",\"@id\":\"https:\/\/terracotadoalgarve.com\/de\/#website\",\"url\":\"https:\/\/terracotadoalgarve.com\/de\/\",\"name\":\"Terracota do Algarve\",\"description\":\"Terracota tiles, Hydraulic cement tiles, Glazed tiles\",\"potentialAction\":[{\"@type\":\"SearchAction\",\"target\":{\"@type\":\"EntryPoint\",\"urlTemplate\":\"https:\/\/terracotadoalgarve.com\/de\/?s={search_term_string}\"},\"query-input\":{\"@type\":\"PropertyValueSpecification\",\"valueRequired\":true,\"valueName\":\"search_term_string\"}}],\"inLanguage\":\"de\"}]}<\/script>\n<!-- \/ Yoast SEO plugin. -->","yoast_head_json":{"title":"Herstellungsprozess - Terracota do Algarve","robots":{"index":"index","follow":"follow","max-snippet":"max-snippet:-1","max-image-preview":"max-image-preview:large","max-video-preview":"max-video-preview:-1"},"canonical":"https:\/\/terracotadoalgarve.com\/de\/herstellungsprozess\/","og_locale":"de_DE","og_type":"article","og_title":"Herstellungsprozess - Terracota do Algarve","og_description":"[vc_row][vc_column width=&#8220;1\/3&#8243;][vc_video link=&#8220;https:\/\/www.youtube.com\/watch?v=yzL2zGJva5o&#8220;][\/vc_column][vc_column width=&#8220;2\/3&#8243;][vc_column_text]Um die originalen Charakteristika des Produktes zu bewahren, wird die Terrakotta, in unserem besonderen Fall, kunsthandwerklich hergestellt. Die einzelnen Phasen der Herstellung, werden [\u2026]","og_url":"https:\/\/terracotadoalgarve.com\/de\/herstellungsprozess\/","og_site_name":"Terracota do Algarve","article_modified_time":"2022-05-09T18:47:32+00:00","twitter_card":"summary_large_image","twitter_misc":{"Gesch\u00e4tzte Lesezeit":"3\u00a0Minuten"},"schema":{"@context":"https:\/\/schema.org","@graph":[{"@type":"WebPage","@id":"https:\/\/terracotadoalgarve.com\/de\/herstellungsprozess\/","url":"https:\/\/terracotadoalgarve.com\/de\/herstellungsprozess\/","name":"Herstellungsprozess - Terracota do Algarve","isPartOf":{"@id":"https:\/\/terracotadoalgarve.com\/de\/#website"},"datePublished":"2021-10-25T10:38:32+00:00","dateModified":"2022-05-09T18:47:32+00:00","breadcrumb":{"@id":"https:\/\/terracotadoalgarve.com\/de\/herstellungsprozess\/#breadcrumb"},"inLanguage":"de","potentialAction":[{"@type":"ReadAction","target":["https:\/\/terracotadoalgarve.com\/de\/herstellungsprozess\/"]}]},{"@type":"BreadcrumbList","@id":"https:\/\/terracotadoalgarve.com\/de\/herstellungsprozess\/#breadcrumb","itemListElement":[{"@type":"ListItem","position":1,"name":"Home","item":"https:\/\/terracotadoalgarve.com\/de\/"},{"@type":"ListItem","position":2,"name":"Herstellungsprozess"}]},{"@type":"WebSite","@id":"https:\/\/terracotadoalgarve.com\/de\/#website","url":"https:\/\/terracotadoalgarve.com\/de\/","name":"Terracota do Algarve","description":"Terracota tiles, Hydraulic cement tiles, Glazed tiles","potentialAction":[{"@type":"SearchAction","target":{"@type":"EntryPoint","urlTemplate":"https:\/\/terracotadoalgarve.com\/de\/?s={search_term_string}"},"query-input":{"@type":"PropertyValueSpecification","valueRequired":true,"valueName":"search_term_string"}}],"inLanguage":"de"}]}},"_links":{"self":[{"href":"https:\/\/terracotadoalgarve.com\/de\/wp-json\/wp\/v2\/pages\/26299","targetHints":{"allow":["GET"]}}],"collection":[{"href":"https:\/\/terracotadoalgarve.com\/de\/wp-json\/wp\/v2\/pages"}],"about":[{"href":"https:\/\/terracotadoalgarve.com\/de\/wp-json\/wp\/v2\/types\/page"}],"author":[{"embeddable":true,"href":"https:\/\/terracotadoalgarve.com\/de\/wp-json\/wp\/v2\/users\/1"}],"replies":[{"embeddable":true,"href":"https:\/\/terracotadoalgarve.com\/de\/wp-json\/wp\/v2\/comments?post=26299"}],"version-history":[{"count":0,"href":"https:\/\/terracotadoalgarve.com\/de\/wp-json\/wp\/v2\/pages\/26299\/revisions"}],"wp:attachment":[{"href":"https:\/\/terracotadoalgarve.com\/de\/wp-json\/wp\/v2\/media?parent=26299"}],"curies":[{"name":"wp","href":"https:\/\/api.w.org\/{rel}","templated":true}]}}