{"id":26295,"date":"2021-10-25T10:31:05","date_gmt":"2021-10-25T10:31:05","guid":{"rendered":"https:\/\/terracotadoalgarve.com\/de\/?page_id=26295"},"modified":"2022-05-02T04:21:48","modified_gmt":"2022-05-02T04:21:48","slug":"die-geschichte-der-keramik-in-kuerze","status":"publish","type":"page","link":"https:\/\/terracotadoalgarve.com\/de\/die-geschichte-der-keramik-in-kuerze\/","title":{"rendered":"Die Geschichte der Keramik in K\u00fcrze"},"content":{"rendered":"<div class=\"wpb-content-wrapper\"><p>[vc_row][vc_column width=&#8220;1\/4&#8243;][vc_single_image image=&#8220;26296&#8243; img_size=&#8220;full&#8220;][vc_single_image image=&#8220;26297&#8243; img_size=&#8220;full&#8220;][\/vc_column][vc_column width=&#8220;3\/4&#8243;][vc_column_text]Die Geschichte der Keramik in K\u00fcrze Der Begriff Keramik leitet sich vom altgriechischen Wort KERAMOS ab, ist die Bezeichnung f\u00fcr Tonminerale und steht als Beschreibung f\u00fcr die aus dem Proze\u00df des Brennens vom Lehm entstehenden Objekte. So ist es m\u00f6glich, mit den Eigenschaften die der Ton (oder Lehm) besitzt, diesen als Masse leicht zu modellieren, wogegen er nach dem Prozess des Brennens, Langlebigkeit und Widerstandsf\u00e4higkeit erlangt. In Portugal gab es Keramik bereits vor der Zeit der R\u00f6mer, doch waren sie es und sp\u00e4ter die Araber, welche dieses Handwerk bedeutend weiterentwickelten. Viele der Techniken zur Herstellung der Keramik, welche in dieser Zeit eingef\u00fchrt wurden, kommen noch heute in der Produktion der unterschiedlichen Objekte und Materialien der Keramik zur Anwendung.[\/vc_column_text][\/vc_column][\/vc_row]<\/p>\n<\/div>","protected":false},"excerpt":{"rendered":"<p>[vc_row][vc_column width=&#8220;1\/4&#8243;][vc_single_image image=&#8220;26296&#8243; img_size=&#8220;full&#8220;][vc_single_image image=&#8220;26297&#8243; img_size=&#8220;full&#8220;][\/vc_column][vc_column width=&#8220;3\/4&#8243;][vc_column_text]Die Geschichte der Keramik in K\u00fcrze Der Begriff Keramik leitet sich vom altgriechischen Wort KERAMOS ab, ist die Bezeichnung f\u00fcr<span class=\"excerpt-hellip\"> [\u2026]<\/span><\/p>\n","protected":false},"author":1,"featured_media":0,"parent":0,"menu_order":0,"comment_status":"closed","ping_status":"closed","template":"","meta":{"footnotes":""},"class_list":["post-26295","page","type-page","status-publish","hentry"],"yoast_head":"<!-- This site is optimized with the Yoast SEO plugin v26.9 - https:\/\/yoast.com\/product\/yoast-seo-wordpress\/ -->\n<title>Die Geschichte der Keramik in K\u00fcrze - Terracota do Algarve<\/title>\n<meta name=\"robots\" content=\"index, follow, max-snippet:-1, max-image-preview:large, max-video-preview:-1\" \/>\n<link rel=\"canonical\" href=\"https:\/\/terracotadoalgarve.com\/de\/die-geschichte-der-keramik-in-kuerze\/\" \/>\n<meta property=\"og:locale\" content=\"de_DE\" \/>\n<meta property=\"og:type\" content=\"article\" \/>\n<meta property=\"og:title\" content=\"Die Geschichte der Keramik in K\u00fcrze - Terracota do Algarve\" \/>\n<meta property=\"og:description\" content=\"[vc_row][vc_column width=&#8220;1\/4&#8243;][vc_single_image image=&#8220;26296&#8243; img_size=&#8220;full&#8220;][vc_single_image image=&#8220;26297&#8243; img_size=&#8220;full&#8220;][\/vc_column][vc_column width=&#8220;3\/4&#8243;][vc_column_text]Die Geschichte der Keramik in K\u00fcrze Der Begriff Keramik leitet sich vom altgriechischen Wort KERAMOS ab, ist die Bezeichnung f\u00fcr [\u2026]\" \/>\n<meta property=\"og:url\" content=\"https:\/\/terracotadoalgarve.com\/de\/die-geschichte-der-keramik-in-kuerze\/\" \/>\n<meta property=\"og:site_name\" content=\"Terracota do Algarve\" \/>\n<meta property=\"article:modified_time\" content=\"2022-05-02T04:21:48+00:00\" \/>\n<meta name=\"twitter:card\" content=\"summary_large_image\" \/>\n<meta name=\"twitter:label1\" content=\"Gesch\u00e4tzte Lesezeit\" \/>\n\t<meta name=\"twitter:data1\" content=\"1\u00a0Minute\" \/>\n<script type=\"application\/ld+json\" class=\"yoast-schema-graph\">{\"@context\":\"https:\/\/schema.org\",\"@graph\":[{\"@type\":\"WebPage\",\"@id\":\"https:\/\/terracotadoalgarve.com\/de\/die-geschichte-der-keramik-in-kuerze\/\",\"url\":\"https:\/\/terracotadoalgarve.com\/de\/die-geschichte-der-keramik-in-kuerze\/\",\"name\":\"Die Geschichte der Keramik in K\u00fcrze - Terracota do Algarve\",\"isPartOf\":{\"@id\":\"https:\/\/terracotadoalgarve.com\/de\/#website\"},\"datePublished\":\"2021-10-25T10:31:05+00:00\",\"dateModified\":\"2022-05-02T04:21:48+00:00\",\"breadcrumb\":{\"@id\":\"https:\/\/terracotadoalgarve.com\/de\/die-geschichte-der-keramik-in-kuerze\/#breadcrumb\"},\"inLanguage\":\"de\",\"potentialAction\":[{\"@type\":\"ReadAction\",\"target\":[\"https:\/\/terracotadoalgarve.com\/de\/die-geschichte-der-keramik-in-kuerze\/\"]}]},{\"@type\":\"BreadcrumbList\",\"@id\":\"https:\/\/terracotadoalgarve.com\/de\/die-geschichte-der-keramik-in-kuerze\/#breadcrumb\",\"itemListElement\":[{\"@type\":\"ListItem\",\"position\":1,\"name\":\"Home\",\"item\":\"https:\/\/terracotadoalgarve.com\/de\/\"},{\"@type\":\"ListItem\",\"position\":2,\"name\":\"Die Geschichte der Keramik in K\u00fcrze\"}]},{\"@type\":\"WebSite\",\"@id\":\"https:\/\/terracotadoalgarve.com\/de\/#website\",\"url\":\"https:\/\/terracotadoalgarve.com\/de\/\",\"name\":\"Terracota do Algarve\",\"description\":\"Terracota tiles, Hydraulic cement tiles, Glazed tiles\",\"potentialAction\":[{\"@type\":\"SearchAction\",\"target\":{\"@type\":\"EntryPoint\",\"urlTemplate\":\"https:\/\/terracotadoalgarve.com\/de\/?s={search_term_string}\"},\"query-input\":{\"@type\":\"PropertyValueSpecification\",\"valueRequired\":true,\"valueName\":\"search_term_string\"}}],\"inLanguage\":\"de\"}]}<\/script>\n<!-- \/ Yoast SEO plugin. -->","yoast_head_json":{"title":"Die Geschichte der Keramik in K\u00fcrze - Terracota do Algarve","robots":{"index":"index","follow":"follow","max-snippet":"max-snippet:-1","max-image-preview":"max-image-preview:large","max-video-preview":"max-video-preview:-1"},"canonical":"https:\/\/terracotadoalgarve.com\/de\/die-geschichte-der-keramik-in-kuerze\/","og_locale":"de_DE","og_type":"article","og_title":"Die Geschichte der Keramik in K\u00fcrze - Terracota do Algarve","og_description":"[vc_row][vc_column width=&#8220;1\/4&#8243;][vc_single_image image=&#8220;26296&#8243; img_size=&#8220;full&#8220;][vc_single_image image=&#8220;26297&#8243; img_size=&#8220;full&#8220;][\/vc_column][vc_column width=&#8220;3\/4&#8243;][vc_column_text]Die Geschichte der Keramik in K\u00fcrze Der Begriff Keramik leitet sich vom altgriechischen Wort KERAMOS ab, ist die Bezeichnung f\u00fcr [\u2026]","og_url":"https:\/\/terracotadoalgarve.com\/de\/die-geschichte-der-keramik-in-kuerze\/","og_site_name":"Terracota do Algarve","article_modified_time":"2022-05-02T04:21:48+00:00","twitter_card":"summary_large_image","twitter_misc":{"Gesch\u00e4tzte Lesezeit":"1\u00a0Minute"},"schema":{"@context":"https:\/\/schema.org","@graph":[{"@type":"WebPage","@id":"https:\/\/terracotadoalgarve.com\/de\/die-geschichte-der-keramik-in-kuerze\/","url":"https:\/\/terracotadoalgarve.com\/de\/die-geschichte-der-keramik-in-kuerze\/","name":"Die Geschichte der Keramik in K\u00fcrze - Terracota do Algarve","isPartOf":{"@id":"https:\/\/terracotadoalgarve.com\/de\/#website"},"datePublished":"2021-10-25T10:31:05+00:00","dateModified":"2022-05-02T04:21:48+00:00","breadcrumb":{"@id":"https:\/\/terracotadoalgarve.com\/de\/die-geschichte-der-keramik-in-kuerze\/#breadcrumb"},"inLanguage":"de","potentialAction":[{"@type":"ReadAction","target":["https:\/\/terracotadoalgarve.com\/de\/die-geschichte-der-keramik-in-kuerze\/"]}]},{"@type":"BreadcrumbList","@id":"https:\/\/terracotadoalgarve.com\/de\/die-geschichte-der-keramik-in-kuerze\/#breadcrumb","itemListElement":[{"@type":"ListItem","position":1,"name":"Home","item":"https:\/\/terracotadoalgarve.com\/de\/"},{"@type":"ListItem","position":2,"name":"Die Geschichte der Keramik in K\u00fcrze"}]},{"@type":"WebSite","@id":"https:\/\/terracotadoalgarve.com\/de\/#website","url":"https:\/\/terracotadoalgarve.com\/de\/","name":"Terracota do Algarve","description":"Terracota tiles, Hydraulic cement tiles, Glazed tiles","potentialAction":[{"@type":"SearchAction","target":{"@type":"EntryPoint","urlTemplate":"https:\/\/terracotadoalgarve.com\/de\/?s={search_term_string}"},"query-input":{"@type":"PropertyValueSpecification","valueRequired":true,"valueName":"search_term_string"}}],"inLanguage":"de"}]}},"_links":{"self":[{"href":"https:\/\/terracotadoalgarve.com\/de\/wp-json\/wp\/v2\/pages\/26295","targetHints":{"allow":["GET"]}}],"collection":[{"href":"https:\/\/terracotadoalgarve.com\/de\/wp-json\/wp\/v2\/pages"}],"about":[{"href":"https:\/\/terracotadoalgarve.com\/de\/wp-json\/wp\/v2\/types\/page"}],"author":[{"embeddable":true,"href":"https:\/\/terracotadoalgarve.com\/de\/wp-json\/wp\/v2\/users\/1"}],"replies":[{"embeddable":true,"href":"https:\/\/terracotadoalgarve.com\/de\/wp-json\/wp\/v2\/comments?post=26295"}],"version-history":[{"count":0,"href":"https:\/\/terracotadoalgarve.com\/de\/wp-json\/wp\/v2\/pages\/26295\/revisions"}],"wp:attachment":[{"href":"https:\/\/terracotadoalgarve.com\/de\/wp-json\/wp\/v2\/media?parent=26295"}],"curies":[{"name":"wp","href":"https:\/\/api.w.org\/{rel}","templated":true}]}}