{"id":26208,"date":"2021-10-25T07:29:28","date_gmt":"2021-10-25T07:29:28","guid":{"rendered":"https:\/\/terracotadoalgarve.com\/de\/?page_id=26208"},"modified":"2022-05-02T04:20:29","modified_gmt":"2022-05-02T04:20:29","slug":"vorteile-und-nutzen-der-terrakotta","status":"publish","type":"page","link":"https:\/\/terracotadoalgarve.com\/de\/vorteile-und-nutzen-der-terrakotta\/","title":{"rendered":"Vorteile und Nutzen der Terrakotta"},"content":{"rendered":"<div class=\"wpb-content-wrapper\"><p>[vc_row][vc_column width=&#8220;1\/4&#8243;][vc_single_image image=&#8220;26209&#8243; img_size=&#8220;full&#8220;][\/vc_column][vc_column width=&#8220;3\/4&#8243;][vc_column_text]Bei der Auswahl eines Bodenbelages gibt es viele Optionen, u.a. die Terrakotta-Fliese bzw. \u201ehandgefertigte Fliese\u201c.<\/p>\n<p>Verschiedene Faktoren unterscheiden die Terrakotta-Fliese von anderen Bodenbel\u00e4gen und obwohl\u00a0 haupts\u00e4chlich das visuell-dekorative Erscheinungsbild bei den Kunden Ber\u00fccksichtigung findet, hat die Terrakotta-Fliese in Wahrheit weitere, unz\u00e4hlige Vorteile.<\/p>\n<p>Die Terrakotta-Bodenfliese ist sehr vielseitig und kann, sowohl bei Terassen als auch in Wohnzimmern, K\u00fcchen, Schlafzimmern, B\u00e4dern, kurzum in Ihrem gesamten Haus zur Anwendung kommen. Letztendlich sind Ihre Ideen grenzenlos.<\/p>\n<p>Nachfolgend nun eine Auflistung von Vorteilen und Nutzen der Terrakotta-Fliese und ihrer Anwendung:<\/p>\n<ul>\n<li>\n<h3>EINFACH ZU PFLEGEN<\/h3>\n<\/li>\n<\/ul>\n<p>Einmal fachgerecht verlegt und versiegelt, verlangt die Bodenfliese keine besondere Pflege und erm\u00f6glicht eine einfache Reinigung.<\/p>\n<ul>\n<li>\n<h3>VIELSEITIGKEIT<\/h3>\n<\/li>\n<\/ul>\n<p>Die Terrakotta-Fliese kann sowohl im Privathaus als auch in gewerblich genutzten Bereichen als Bodenfliese eingesetzt werden, aber auch als Verkleidung von W\u00e4nden, D\u00e4chern, gemauerten Sitzbereichen, Mauern, Pfeilern, etc. verwendet werden. Ihre Kreativit\u00e4t bestimmt die Verwendung.<\/p>\n<ul>\n<li>\n<h3>ORIGINALIT\u00c4T<\/h3>\n<\/li>\n<\/ul>\n<p>Aufgrund des vollst\u00e4ndig handwerklich-manuellen Herstellungsprozesses, weisen die Terrakotta-Fliesen leichte Variationen in Farbe und Oberfl\u00e4che auf. Diese Individualit\u00e4t jeder Fliese kreiert als Bodenbelag oder in jeder anderen Anwendung eine sehr angenehme, nat\u00fcrliche Sch\u00f6nheit. Deshalb kann keine industriell gefertigte Fliese diese Originalit\u00e4t ersetzen.<\/p>\n<ul>\n<li>\n<h3>HALTBARKEIT UND WIDERSTANDSF\u00c4HIGKEIT<\/h3>\n<\/li>\n<\/ul>\n<p>Die schon den R\u00f6mern bekannte Charakteristik der Langlebigkeit der Terrakotta-Fliese, hat den Lauf der Geschichte \u00fcberdauert. Tats\u00e4chlich ist die Fliese widerstandsf\u00e4hig gegen\u00fcber UV-Strahlung und beh\u00e4lt in Bereichen mit grosser Sonnenintensit\u00e4t auch \u00fcber Jahre hinweg Ihren Farbton. Sie ist widerstandsf\u00e4hig gegen\u00fcber grossen Temperaturunterschieden und, im Unterschied zu Holz oder anderen synthetischen Bodenbel\u00e4gen, resistent gegen Feuer.<\/p>\n<ul>\n<li>\n<h3>RUTSCHFESTIGKEIT<\/h3>\n<\/li>\n<\/ul>\n<p>Die Verwendung der Fliesen ist sehr n\u00fctzlich im Bereich von Rampen, Treppen, als Umrandung von Pools sowie als Oberfl\u00e4che f\u00fcr B\u00f6den in Bereichen, welche vorrangig durch \u00e4ltere Personen, Gehbehinderte oder Kinder genutzt werden.<\/p>\n<ul>\n<li>\n<h3>FLEXIBILIT\u00c4T IN DESIGN UND GR\u00d6SSEN<\/h3>\n<\/li>\n<\/ul>\n<p>Es gibt eine grosse Auswahl an Ma\u00dfen und Formaten: 15\u00d715 cm, 20\u00d720 cm, 25\u00d725 cm, 30\u00d730 cm, 30\u00d715 cm, achteckig, sechseckig, etc.. Auch Ma\u00dfe oder Formate nach Kundenwunsch k\u00f6nnen individuell in Auftrag gegeben werden, um einen einzigartigen Bodenbelag zu erhalten. Zus\u00e4tzlich sind die m\u00f6glichen Kombinationen in Zwischengr\u00f6ssen unbegrenzt.<\/p>\n<ul>\n<li>\n<h3>EINFACHE REPARATUR<\/h3>\n<\/li>\n<\/ul>\n<p>Obwohl die Keramikfliesen sehr widerstandsf\u00e4hig sind, so gibt es doch die M\u00f6glichkeit einer Besch\u00e4digung. Sollte dies einmal geschehen, so ist die Reparatur sehr einfach:<\/p>\n<p>Entfernen Sie die besch\u00e4digten Fliesen und ersetzen Diese durch Neue. Es ist vermeidbar, da\u00df lediglich aufgrund eines kleinen Schadens, eine gr\u00f6\u00dfere Reparaturstelle entsteht, wie es bei der Mehrzahl anderer Bodenbel\u00e4ge der Fall w\u00e4re. Es ist insofern wichtig bei der Gestaltung eines neuen Bodens mit Keramikfliesen, auch sp\u00e4ter immer einige Ersatzfliesen f\u00fcr eventuelle Reparaturen bereitzuhalten.<\/p>\n<ul>\n<li>\n<h3>EINE INVESTITION F\u00dcR DIE ZUKUNFT<\/h3>\n<\/li>\n<\/ul>\n<p>Im Gegensatz zu den meisten modernen Bodenbel\u00e4gen, welche im Verlauf der Jahre \u00e4sthetisch \u201eaus der Mode kommen\u201c, bleibt die Terrakotta-Fliese aufgrund ihres klassischen Materials zeitlos sch\u00f6n und beugt dem Wertverlust Ihrer Immobilie vor!<\/p>\n<ul>\n<li>\n<h3>NAT\u00dcRLICH UND \u00d6KOLOGISCH<\/h3>\n<\/li>\n<\/ul>\n<p>Die hangefertigte Terrakotta-Fliese besteht aus einem einzigen Ausgangsmaterial: Lehm bzw. Ton, nat\u00fcrlich und \u00f6kologisch mit hervorragenden Eigenschaften. Anders als in manch gro\u00dfen Fabriken entstehen bei unserer Produktion keine toxischen Abf\u00e4lle. Insofern besteht bei der Verwendung von Terrakotta-Produkten im Bereich der Konstruktion und Dekoration Ihres Hauses kein Allergie-Risiko.<\/p>\n<p>W\u00e4hrend Jahrhunderten erfolgte die Lebensmittelzubereitung in Gef\u00e4\u00dfen aus Ton und heutzutage findet dieses Material auch zu medizinischen Zwecken verst\u00e4rkt Anwendung.<\/p>\n<ul>\n<li>\n<h3>EXZELLENTE THERMISCHE EIGENSCHAFTEN<\/h3>\n<\/li>\n<\/ul>\n<p>Ein Fu\u00dfboden aus Terrakotta hat im Innenraum eine geringe thermische Aufladung, was , insbesondere im Sommer, einen erh\u00f6hten Wohnkomfort bedeutet.<\/p>\n<p>Keramik ist auch das ideale Material f\u00fcr eine Fu\u00dfbodenheizung, da es, aufgrund seiner hohen thermischen Speicherkapazit\u00e4t und gleichzeitigen Leitf\u00e4higkeit, einerseits die energetische Ausbeute verbessert und somit zus\u00e4tzlich Einsparungen in der Energieabrechnung bringt.<\/p>\n<p>Warum entscheiden nicht auch Sie sich f\u00fcr die Gestaltung Ihres Bodenbelages mit Terrakotta-Fliesen und somit f\u00fcr ein Material, welches uns seit Jahrtausenden durch die Geschichte begleitet![\/vc_column_text][\/vc_column][\/vc_row]<\/p>\n<\/div>","protected":false},"excerpt":{"rendered":"<p>[vc_row][vc_column width=&#8220;1\/4&#8243;][vc_single_image image=&#8220;26209&#8243; img_size=&#8220;full&#8220;][\/vc_column][vc_column width=&#8220;3\/4&#8243;][vc_column_text]Bei der Auswahl eines Bodenbelages gibt es viele Optionen, u.a. die Terrakotta-Fliese bzw. \u201ehandgefertigte Fliese\u201c. Verschiedene Faktoren unterscheiden die Terrakotta-Fliese von anderen<span class=\"excerpt-hellip\"> [\u2026]<\/span><\/p>\n","protected":false},"author":1,"featured_media":0,"parent":0,"menu_order":0,"comment_status":"closed","ping_status":"closed","template":"","meta":{"footnotes":""},"class_list":["post-26208","page","type-page","status-publish","hentry"],"yoast_head":"<!-- This site is optimized with the Yoast SEO plugin v26.9 - https:\/\/yoast.com\/product\/yoast-seo-wordpress\/ -->\n<title>Vorteile und Nutzen der Terrakotta - Terracota do Algarve<\/title>\n<meta name=\"robots\" content=\"index, follow, max-snippet:-1, max-image-preview:large, max-video-preview:-1\" \/>\n<link rel=\"canonical\" href=\"https:\/\/terracotadoalgarve.com\/de\/vorteile-und-nutzen-der-terrakotta\/\" \/>\n<meta property=\"og:locale\" content=\"de_DE\" \/>\n<meta property=\"og:type\" content=\"article\" \/>\n<meta property=\"og:title\" content=\"Vorteile und Nutzen der Terrakotta - Terracota do Algarve\" \/>\n<meta property=\"og:description\" content=\"[vc_row][vc_column width=&#8220;1\/4&#8243;][vc_single_image image=&#8220;26209&#8243; img_size=&#8220;full&#8220;][\/vc_column][vc_column width=&#8220;3\/4&#8243;][vc_column_text]Bei der Auswahl eines Bodenbelages gibt es viele Optionen, u.a. die Terrakotta-Fliese bzw. \u201ehandgefertigte Fliese\u201c. Verschiedene Faktoren unterscheiden die Terrakotta-Fliese von anderen [\u2026]\" \/>\n<meta property=\"og:url\" content=\"https:\/\/terracotadoalgarve.com\/de\/vorteile-und-nutzen-der-terrakotta\/\" \/>\n<meta property=\"og:site_name\" content=\"Terracota do Algarve\" \/>\n<meta property=\"article:modified_time\" content=\"2022-05-02T04:20:29+00:00\" \/>\n<meta name=\"twitter:card\" content=\"summary_large_image\" \/>\n<meta name=\"twitter:label1\" content=\"Gesch\u00e4tzte Lesezeit\" \/>\n\t<meta name=\"twitter:data1\" content=\"3\u00a0Minuten\" \/>\n<script type=\"application\/ld+json\" class=\"yoast-schema-graph\">{\"@context\":\"https:\/\/schema.org\",\"@graph\":[{\"@type\":\"WebPage\",\"@id\":\"https:\/\/terracotadoalgarve.com\/de\/vorteile-und-nutzen-der-terrakotta\/\",\"url\":\"https:\/\/terracotadoalgarve.com\/de\/vorteile-und-nutzen-der-terrakotta\/\",\"name\":\"Vorteile und Nutzen der Terrakotta - Terracota do Algarve\",\"isPartOf\":{\"@id\":\"https:\/\/terracotadoalgarve.com\/de\/#website\"},\"datePublished\":\"2021-10-25T07:29:28+00:00\",\"dateModified\":\"2022-05-02T04:20:29+00:00\",\"breadcrumb\":{\"@id\":\"https:\/\/terracotadoalgarve.com\/de\/vorteile-und-nutzen-der-terrakotta\/#breadcrumb\"},\"inLanguage\":\"de\",\"potentialAction\":[{\"@type\":\"ReadAction\",\"target\":[\"https:\/\/terracotadoalgarve.com\/de\/vorteile-und-nutzen-der-terrakotta\/\"]}]},{\"@type\":\"BreadcrumbList\",\"@id\":\"https:\/\/terracotadoalgarve.com\/de\/vorteile-und-nutzen-der-terrakotta\/#breadcrumb\",\"itemListElement\":[{\"@type\":\"ListItem\",\"position\":1,\"name\":\"Home\",\"item\":\"https:\/\/terracotadoalgarve.com\/de\/\"},{\"@type\":\"ListItem\",\"position\":2,\"name\":\"Vorteile und Nutzen der Terrakotta\"}]},{\"@type\":\"WebSite\",\"@id\":\"https:\/\/terracotadoalgarve.com\/de\/#website\",\"url\":\"https:\/\/terracotadoalgarve.com\/de\/\",\"name\":\"Terracota do Algarve\",\"description\":\"Terracota tiles, Hydraulic cement tiles, Glazed tiles\",\"potentialAction\":[{\"@type\":\"SearchAction\",\"target\":{\"@type\":\"EntryPoint\",\"urlTemplate\":\"https:\/\/terracotadoalgarve.com\/de\/?s={search_term_string}\"},\"query-input\":{\"@type\":\"PropertyValueSpecification\",\"valueRequired\":true,\"valueName\":\"search_term_string\"}}],\"inLanguage\":\"de\"}]}<\/script>\n<!-- \/ Yoast SEO plugin. -->","yoast_head_json":{"title":"Vorteile und Nutzen der Terrakotta - Terracota do Algarve","robots":{"index":"index","follow":"follow","max-snippet":"max-snippet:-1","max-image-preview":"max-image-preview:large","max-video-preview":"max-video-preview:-1"},"canonical":"https:\/\/terracotadoalgarve.com\/de\/vorteile-und-nutzen-der-terrakotta\/","og_locale":"de_DE","og_type":"article","og_title":"Vorteile und Nutzen der Terrakotta - Terracota do Algarve","og_description":"[vc_row][vc_column width=&#8220;1\/4&#8243;][vc_single_image image=&#8220;26209&#8243; img_size=&#8220;full&#8220;][\/vc_column][vc_column width=&#8220;3\/4&#8243;][vc_column_text]Bei der Auswahl eines Bodenbelages gibt es viele Optionen, u.a. die Terrakotta-Fliese bzw. \u201ehandgefertigte Fliese\u201c. Verschiedene Faktoren unterscheiden die Terrakotta-Fliese von anderen [\u2026]","og_url":"https:\/\/terracotadoalgarve.com\/de\/vorteile-und-nutzen-der-terrakotta\/","og_site_name":"Terracota do Algarve","article_modified_time":"2022-05-02T04:20:29+00:00","twitter_card":"summary_large_image","twitter_misc":{"Gesch\u00e4tzte Lesezeit":"3\u00a0Minuten"},"schema":{"@context":"https:\/\/schema.org","@graph":[{"@type":"WebPage","@id":"https:\/\/terracotadoalgarve.com\/de\/vorteile-und-nutzen-der-terrakotta\/","url":"https:\/\/terracotadoalgarve.com\/de\/vorteile-und-nutzen-der-terrakotta\/","name":"Vorteile und Nutzen der Terrakotta - Terracota do Algarve","isPartOf":{"@id":"https:\/\/terracotadoalgarve.com\/de\/#website"},"datePublished":"2021-10-25T07:29:28+00:00","dateModified":"2022-05-02T04:20:29+00:00","breadcrumb":{"@id":"https:\/\/terracotadoalgarve.com\/de\/vorteile-und-nutzen-der-terrakotta\/#breadcrumb"},"inLanguage":"de","potentialAction":[{"@type":"ReadAction","target":["https:\/\/terracotadoalgarve.com\/de\/vorteile-und-nutzen-der-terrakotta\/"]}]},{"@type":"BreadcrumbList","@id":"https:\/\/terracotadoalgarve.com\/de\/vorteile-und-nutzen-der-terrakotta\/#breadcrumb","itemListElement":[{"@type":"ListItem","position":1,"name":"Home","item":"https:\/\/terracotadoalgarve.com\/de\/"},{"@type":"ListItem","position":2,"name":"Vorteile und Nutzen der Terrakotta"}]},{"@type":"WebSite","@id":"https:\/\/terracotadoalgarve.com\/de\/#website","url":"https:\/\/terracotadoalgarve.com\/de\/","name":"Terracota do Algarve","description":"Terracota tiles, Hydraulic cement tiles, Glazed tiles","potentialAction":[{"@type":"SearchAction","target":{"@type":"EntryPoint","urlTemplate":"https:\/\/terracotadoalgarve.com\/de\/?s={search_term_string}"},"query-input":{"@type":"PropertyValueSpecification","valueRequired":true,"valueName":"search_term_string"}}],"inLanguage":"de"}]}},"_links":{"self":[{"href":"https:\/\/terracotadoalgarve.com\/de\/wp-json\/wp\/v2\/pages\/26208","targetHints":{"allow":["GET"]}}],"collection":[{"href":"https:\/\/terracotadoalgarve.com\/de\/wp-json\/wp\/v2\/pages"}],"about":[{"href":"https:\/\/terracotadoalgarve.com\/de\/wp-json\/wp\/v2\/types\/page"}],"author":[{"embeddable":true,"href":"https:\/\/terracotadoalgarve.com\/de\/wp-json\/wp\/v2\/users\/1"}],"replies":[{"embeddable":true,"href":"https:\/\/terracotadoalgarve.com\/de\/wp-json\/wp\/v2\/comments?post=26208"}],"version-history":[{"count":0,"href":"https:\/\/terracotadoalgarve.com\/de\/wp-json\/wp\/v2\/pages\/26208\/revisions"}],"wp:attachment":[{"href":"https:\/\/terracotadoalgarve.com\/de\/wp-json\/wp\/v2\/media?parent=26208"}],"curies":[{"name":"wp","href":"https:\/\/api.w.org\/{rel}","templated":true}]}}