{"id":25848,"date":"2021-10-24T15:26:04","date_gmt":"2021-10-24T15:26:04","guid":{"rendered":"https:\/\/terracotadoalgarve.com\/de\/?page_id=25848"},"modified":"2022-04-19T03:48:57","modified_gmt":"2022-04-19T03:48:57","slug":"rustikale-dekoration","status":"publish","type":"page","link":"https:\/\/terracotadoalgarve.com\/de\/rustikale-dekoration\/","title":{"rendered":"Rustikale Dekoration"},"content":{"rendered":"<div class=\"wpb-content-wrapper\"><p>[vc_row][vc_column width=&#8220;1\/3&#8243;][vc_single_image image=&#8220;25850&#8243; img_size=&#8220;full&#8220;][\/vc_column][vc_column width=&#8220;2\/3&#8243;][vc_column_text]Wenn wir ein Haus bauen oder umbauen, muss die Dekoration immer von Anfang an gedacht werden. Bei den traditionellen \/ klassischen H\u00e4usern kommt es nicht nur auf die Architektur an, sondern auch um rustikale M\u00f6bel und andere Accessoires, die die gew\u00fcnschte Umgebung schaffen. Ein rustikales Haus sollte komfortabel und funktionell sein, um Momente der Ruhe und Entspannung zu bieten und daher die richtige Wahl f\u00fcr einen Urlaub oder eine dauerhafte Unterbringung zu sein. Unser Zuhause sagt viel \u00fcber uns aus und die Dekoration spiegelt unsere Pers\u00f6nlichkeit wider, die sich in unserem t\u00e4glichen Leben manifestiert.<\/p>\n<p>Das Dekorieren von H\u00e4usern ist eine schwierige Aufgabe. Damit Sie sowohl bei der Konstruktion als auch bei der Dekoration keine Probleme haben, m\u00fcssen Sie auf alle Details achten und immer versuchen, Ideen f\u00fcr die originelle Dekoration zu finden, um nicht nur ein anderes Haus zu sein, wie so viele andere. Der einfachste Weg, Dinge zu erledigen, ist durch einen professionellen Dekorateur. Die guten Dekorateure sind jedoch sehr teuer und nicht jeder von uns kann sich so viel Geld leisten. Mit ein wenig Recherche und Kreativit\u00e4t k\u00f6nnen wir dasselbe Ergebnis erzielen und trotzdem ein wenig dar\u00fcber lernen.<\/p>\n<p>Hier geben wir Ihnen einige Tipps und Ideen, um Ihre Arbeit zu erleichtern, entweder nach dem Bau oder Umbau des Hauses oder nach der Dekoration, nachdem die Arbeiten abgeschlossen sind. Wichtige Faktoren f\u00fcr die Auswahl der richtigen Dekoration sind: Farben, M\u00f6bel, Dekorationselemente, Beleuchtung usw. Alles muss der Architektur des Hauses entsprechen und dem Endergebnis entsprechen. Es ist auch sehr wichtig, die zu verwendenden Baumaterialien auszuw\u00e4hlen: Bodenbel\u00e4ge, D\u00e4cher, Beschichtungen usw.<\/p>\n<p>Wenn es Zeit ist, das Haus einzurichten, haben Sie zwei M\u00f6glichkeiten: Verwenden Sie alte M\u00f6bel, die gut gepflegt oder restauriert sind, oder entscheiden Sie sich f\u00fcr neue M\u00f6bel im rustikalen Stil. Die erste Option hat den Vorteil, echte M\u00f6bel zu kaufen und damit etwas Geschichte. In Landh\u00e4usern muss die Dekoration der Umgebung entsprechen: Materialien und Dekoration m\u00fcssen sich auf die Umgebung des Hauses beziehen.<\/p>\n<p>Die Beleuchtung ist auch sehr wichtig, um angenehme Umgebungen zu schaffen. Die rustikale Dekoration erm\u00f6glicht eine gro\u00dfe Auswahl an Lampen und Beleuchtungsk\u00f6rpern und vermittelt denjenigen, die sich im beleuchteten Raum aufhalten, ein angenehmes Gef\u00fchl. Lampen k\u00f6nnen viele Formen annehmen, idealisieren jedoch immer Lampen, die aus traditionellen Materialien wie Stoff, Eisen, Holz oder Terrakotta bestehen.<\/p>\n<p>Um den rustikalen Dekorationsgeist zu erhalten, sollten die R\u00e4ume mit Holz oder m\u00f6glicherweise Schmiedeeisen dekoriert sein. Die nat\u00fcrlichen Stoffe passen auch sehr gut in diese Art der Dekoration. Die Vorh\u00e4nge der typischen H\u00e4user m\u00fcssen nicht extravagant sein, sondern m\u00fcssen aus einfachen Stoffen und St\u00e4ben bestehen, um eine elegante und kontextualisierte Wirkung zu erzielen. Vorh\u00e4nge k\u00f6nnen viele Formen und Farben annehmen. Die Entscheidung h\u00e4ngt von Ihrem pers\u00f6nlichen Geschmack ab. Decken, Teppiche und Parkett in den Schlafzimmern sind in rustikalen H\u00e4usern Markenzeichen. Sessel und Fu\u00dfst\u00fctze sorgen f\u00fcr zus\u00e4tzlichen Komfort.<\/p>\n<p>Es ist m\u00f6glich, eine alte Kommode zu verwenden, um ein Toilettenm\u00f6bel zu entwerfen, indem die Oberseite entfernt und eine Oberseite aus Holz, Naturstein oder sogar Glas platziert wird. Es liegt in Ihrem Ermessen. Die Verwendung alter R\u00e4der zum Erstellen eines Couchtisches ist eine originelle Idee und perfekt in das Konzept der rustikalen Dekoration eingebettet. Mit einem Holzfu\u00df und einer Glasplatte ist das Ergebnis sehr gut.<\/p>\n<p>Die Kamine sind eines der Markenzeichen der rustikalen H\u00e4user und auch eine \u201eSalamandra\u201c ist eine gute L\u00f6sung. Ideal sind Sofas oder Pufs in der N\u00e4he, denn je mehr Komfort Sie in der N\u00e4he des Kamins haben, desto mehr Zeit m\u00f6chten Sie neben dem Kamin verbringen. Wicker Stuhlkissen sind eine gute Komfortl\u00f6sung: Sie k\u00f6nnen Stoffe in verschiedenen Farben verwenden. Halten Sie immer einen kleinen Platz f\u00fcr Brennholz. Der Komfort, den ein nat\u00fcrlicher Kamin bietet, spricht an kalten Wintertagen lange Stunden in die Nacht.[\/vc_column_text][\/vc_column][\/vc_row][vc_row][vc_column width=&#8220;1\/3&#8243;][vc_single_image image=&#8220;25851&#8243; img_size=&#8220;full&#8220;][\/vc_column][vc_column width=&#8220;2\/3&#8243;][vc_column_text]Eine traditionelle K\u00fcche bietet allen Komfort einer modernen K\u00fcche. Sie brauchen nur die richtigen Utensilien. Die K\u00fcchenarbeitsplatten nehmen bei dieser Art der Dekoration eine neue Dimension an, und an den W\u00e4nden h\u00e4ngen oft viele Utensilien. Die innen und unter den H\u00e4ngem\u00f6beln aufgehobenen Tassen machen das Dekor noch rustikaler. Das Erstellen einer K\u00fcchenarbeitsplatte in dieser Art von Zuhause ist einfach, idealisieren und mit Materialien im Kontext bauen: Sie k\u00f6nnen mit hohen B\u00e4nken spielen, um einen angenehmen Raum zu schaffen, um etwas zu trinken oder sogar mit den engsten Freunden zusammen zu sein und sich dabei etwas Zeit zu nehmen dein zuhause genie\u00dfen.<\/p>\n<p>Die Besonderheit der Dekoration ist es, alles zu nutzen, was uns umgibt: Manchmal sind es die einfachsten St\u00fccke, die auffallen. Hier einige kreative L\u00f6sungen mit guten Effekten: K\u00f6rbe, Drachen, B\u00e4nke und h\u00f6lzerne Kleiderb\u00fcgel sind leicht zu bekommen und verleihen dem Dekor eines Hauses zweifellos Charme.<\/p>\n<p>Die rustikale Einrichtung kann auch f\u00fcr die modernsten Geb\u00e4ude eine Inspirationsquelle sein. Die Einrichtung eines rustikalen Hauses hilft nicht nur, Spa\u00df zu haben, sondern hilft uns auch dabei, unseren Urspr\u00fcngen n\u00e4her zu kommen. Diese H\u00e4user sind ideal f\u00fcr diejenigen, die im Sommer nach Frische und nach W\u00e4rme suchen: Die H\u00e4user aus Stein und Terrakotta haben diese Besonderheit.<\/p>\n<p>Die Stufen k\u00f6nnen mit Wandteppichen oder Teppichb\u00f6den verziert werden, ideal f\u00fcr diejenigen, die gerne barfu\u00df im Haus spazieren gehen. Machen Sie sich keine Sorgen, wenn Ihr j\u00fcngster Sohn barfu\u00df geht. Bei Teppichen ist es unwahrscheinlich, dass er damit fertig wird. Bei zu polierten Oberfl\u00e4chen ist es ratsam, rutschfeste Matten anzubringen, damit der Teppich nicht unter den F\u00fc\u00dfen rutschen kann.<\/p>\n<p>Ein weiterer interessanter Bestandteil eines Landhauses ist der Garten, denn nur wenige Stadth\u00e4user verf\u00fcgen \u00fcber einen Garten im Einklang mit der Natur. Verwenden Sie Holzb\u00e4nke, h\u00e4ngen Sie eine Schaukel in einen Baum, bauen Sie B\u00e4nke in Stein oder verwenden Sie Baumst\u00e4mme, um B\u00e4nke und St\u00fchle usw. zu erstellen. Selbst unebenes Holz wird nach der Behandlung zum Leben erweckt.<\/p>\n<p>Kurz gesagt, verwenden Sie alles, was um Sie herum ist, und denken Sie daran, dass ein rustikales Haus alles ist, was ein Stadthaus nicht sein kann.[\/vc_column_text][\/vc_column][\/vc_row]<\/p>\n<\/div>","protected":false},"excerpt":{"rendered":"<p>[vc_row][vc_column width=&#8220;1\/3&#8243;][vc_single_image image=&#8220;25850&#8243; img_size=&#8220;full&#8220;][\/vc_column][vc_column width=&#8220;2\/3&#8243;][vc_column_text]Wenn wir ein Haus bauen oder umbauen, muss die Dekoration immer von Anfang an gedacht werden. Bei den traditionellen \/ klassischen H\u00e4usern<span class=\"excerpt-hellip\"> [\u2026]<\/span><\/p>\n","protected":false},"author":1,"featured_media":0,"parent":0,"menu_order":0,"comment_status":"closed","ping_status":"closed","template":"","meta":{"footnotes":""},"class_list":["post-25848","page","type-page","status-publish","hentry"],"yoast_head":"<!-- This site is optimized with the Yoast SEO plugin v26.9 - https:\/\/yoast.com\/product\/yoast-seo-wordpress\/ -->\n<title>Rustikale Dekoration - Terracota do Algarve<\/title>\n<meta name=\"robots\" content=\"index, follow, max-snippet:-1, max-image-preview:large, max-video-preview:-1\" \/>\n<link rel=\"canonical\" href=\"https:\/\/terracotadoalgarve.com\/de\/rustikale-dekoration\/\" \/>\n<meta property=\"og:locale\" content=\"de_DE\" \/>\n<meta property=\"og:type\" content=\"article\" \/>\n<meta property=\"og:title\" content=\"Rustikale Dekoration - Terracota do Algarve\" \/>\n<meta property=\"og:description\" content=\"[vc_row][vc_column width=&#8220;1\/3&#8243;][vc_single_image image=&#8220;25850&#8243; img_size=&#8220;full&#8220;][\/vc_column][vc_column width=&#8220;2\/3&#8243;][vc_column_text]Wenn wir ein Haus bauen oder umbauen, muss die Dekoration immer von Anfang an gedacht werden. Bei den traditionellen \/ klassischen H\u00e4usern [\u2026]\" \/>\n<meta property=\"og:url\" content=\"https:\/\/terracotadoalgarve.com\/de\/rustikale-dekoration\/\" \/>\n<meta property=\"og:site_name\" content=\"Terracota do Algarve\" \/>\n<meta property=\"article:modified_time\" content=\"2022-04-19T03:48:57+00:00\" \/>\n<meta name=\"twitter:card\" content=\"summary_large_image\" \/>\n<meta name=\"twitter:label1\" content=\"Gesch\u00e4tzte Lesezeit\" \/>\n\t<meta name=\"twitter:data1\" content=\"6\u00a0Minuten\" \/>\n<script type=\"application\/ld+json\" class=\"yoast-schema-graph\">{\"@context\":\"https:\/\/schema.org\",\"@graph\":[{\"@type\":\"WebPage\",\"@id\":\"https:\/\/terracotadoalgarve.com\/de\/rustikale-dekoration\/\",\"url\":\"https:\/\/terracotadoalgarve.com\/de\/rustikale-dekoration\/\",\"name\":\"Rustikale Dekoration - Terracota do Algarve\",\"isPartOf\":{\"@id\":\"https:\/\/terracotadoalgarve.com\/de\/#website\"},\"datePublished\":\"2021-10-24T15:26:04+00:00\",\"dateModified\":\"2022-04-19T03:48:57+00:00\",\"breadcrumb\":{\"@id\":\"https:\/\/terracotadoalgarve.com\/de\/rustikale-dekoration\/#breadcrumb\"},\"inLanguage\":\"de\",\"potentialAction\":[{\"@type\":\"ReadAction\",\"target\":[\"https:\/\/terracotadoalgarve.com\/de\/rustikale-dekoration\/\"]}]},{\"@type\":\"BreadcrumbList\",\"@id\":\"https:\/\/terracotadoalgarve.com\/de\/rustikale-dekoration\/#breadcrumb\",\"itemListElement\":[{\"@type\":\"ListItem\",\"position\":1,\"name\":\"Home\",\"item\":\"https:\/\/terracotadoalgarve.com\/de\/\"},{\"@type\":\"ListItem\",\"position\":2,\"name\":\"Rustikale Dekoration\"}]},{\"@type\":\"WebSite\",\"@id\":\"https:\/\/terracotadoalgarve.com\/de\/#website\",\"url\":\"https:\/\/terracotadoalgarve.com\/de\/\",\"name\":\"Terracota do Algarve\",\"description\":\"Terracota tiles, Hydraulic cement tiles, Glazed tiles\",\"potentialAction\":[{\"@type\":\"SearchAction\",\"target\":{\"@type\":\"EntryPoint\",\"urlTemplate\":\"https:\/\/terracotadoalgarve.com\/de\/?s={search_term_string}\"},\"query-input\":{\"@type\":\"PropertyValueSpecification\",\"valueRequired\":true,\"valueName\":\"search_term_string\"}}],\"inLanguage\":\"de\"}]}<\/script>\n<!-- \/ Yoast SEO plugin. -->","yoast_head_json":{"title":"Rustikale Dekoration - Terracota do Algarve","robots":{"index":"index","follow":"follow","max-snippet":"max-snippet:-1","max-image-preview":"max-image-preview:large","max-video-preview":"max-video-preview:-1"},"canonical":"https:\/\/terracotadoalgarve.com\/de\/rustikale-dekoration\/","og_locale":"de_DE","og_type":"article","og_title":"Rustikale Dekoration - Terracota do Algarve","og_description":"[vc_row][vc_column width=&#8220;1\/3&#8243;][vc_single_image image=&#8220;25850&#8243; img_size=&#8220;full&#8220;][\/vc_column][vc_column width=&#8220;2\/3&#8243;][vc_column_text]Wenn wir ein Haus bauen oder umbauen, muss die Dekoration immer von Anfang an gedacht werden. Bei den traditionellen \/ klassischen H\u00e4usern [\u2026]","og_url":"https:\/\/terracotadoalgarve.com\/de\/rustikale-dekoration\/","og_site_name":"Terracota do Algarve","article_modified_time":"2022-04-19T03:48:57+00:00","twitter_card":"summary_large_image","twitter_misc":{"Gesch\u00e4tzte Lesezeit":"6\u00a0Minuten"},"schema":{"@context":"https:\/\/schema.org","@graph":[{"@type":"WebPage","@id":"https:\/\/terracotadoalgarve.com\/de\/rustikale-dekoration\/","url":"https:\/\/terracotadoalgarve.com\/de\/rustikale-dekoration\/","name":"Rustikale Dekoration - Terracota do Algarve","isPartOf":{"@id":"https:\/\/terracotadoalgarve.com\/de\/#website"},"datePublished":"2021-10-24T15:26:04+00:00","dateModified":"2022-04-19T03:48:57+00:00","breadcrumb":{"@id":"https:\/\/terracotadoalgarve.com\/de\/rustikale-dekoration\/#breadcrumb"},"inLanguage":"de","potentialAction":[{"@type":"ReadAction","target":["https:\/\/terracotadoalgarve.com\/de\/rustikale-dekoration\/"]}]},{"@type":"BreadcrumbList","@id":"https:\/\/terracotadoalgarve.com\/de\/rustikale-dekoration\/#breadcrumb","itemListElement":[{"@type":"ListItem","position":1,"name":"Home","item":"https:\/\/terracotadoalgarve.com\/de\/"},{"@type":"ListItem","position":2,"name":"Rustikale Dekoration"}]},{"@type":"WebSite","@id":"https:\/\/terracotadoalgarve.com\/de\/#website","url":"https:\/\/terracotadoalgarve.com\/de\/","name":"Terracota do Algarve","description":"Terracota tiles, Hydraulic cement tiles, Glazed tiles","potentialAction":[{"@type":"SearchAction","target":{"@type":"EntryPoint","urlTemplate":"https:\/\/terracotadoalgarve.com\/de\/?s={search_term_string}"},"query-input":{"@type":"PropertyValueSpecification","valueRequired":true,"valueName":"search_term_string"}}],"inLanguage":"de"}]}},"_links":{"self":[{"href":"https:\/\/terracotadoalgarve.com\/de\/wp-json\/wp\/v2\/pages\/25848","targetHints":{"allow":["GET"]}}],"collection":[{"href":"https:\/\/terracotadoalgarve.com\/de\/wp-json\/wp\/v2\/pages"}],"about":[{"href":"https:\/\/terracotadoalgarve.com\/de\/wp-json\/wp\/v2\/types\/page"}],"author":[{"embeddable":true,"href":"https:\/\/terracotadoalgarve.com\/de\/wp-json\/wp\/v2\/users\/1"}],"replies":[{"embeddable":true,"href":"https:\/\/terracotadoalgarve.com\/de\/wp-json\/wp\/v2\/comments?post=25848"}],"version-history":[{"count":0,"href":"https:\/\/terracotadoalgarve.com\/de\/wp-json\/wp\/v2\/pages\/25848\/revisions"}],"wp:attachment":[{"href":"https:\/\/terracotadoalgarve.com\/de\/wp-json\/wp\/v2\/media?parent=25848"}],"curies":[{"name":"wp","href":"https:\/\/api.w.org\/{rel}","templated":true}]}}